{"id":159,"date":"2021-06-07T08:35:35","date_gmt":"2021-06-07T06:35:35","guid":{"rendered":"http:\/\/localhost\/refkapayssan\/?page_id=159"},"modified":"2025-01-27T15:28:58","modified_gmt":"2025-01-27T14:28:58","slug":"a-propos","status":"publish","type":"page","link":"https:\/\/refkapayssan.com\/en\/a-propos\/","title":{"rendered":"About me"},"content":{"rendered":"<div id='apropos'  class='avia-section main_color avia-section-default avia-no-border-styling  avia-bg-style-scroll  avia-builder-el-0  el_before_av_section  avia-builder-el-first   container_wrap sidebar_right' style=' '  ><div class='container' ><main  role=\"main\" itemprop=\"mainContentOfPage\"  class='template-page content  av-content-small alpha units'><div class='post-entry post-entry-type-page post-entry-159'><div class='entry-content-wrapper clearfix'>\n<div class=\"flex_column av_one_fifth  flex_column_div av-zero-column-padding first  avia-builder-el-1  el_before_av_three_fifth  avia-builder-el-first\" style='border-radius:0px; '><\/div><div class=\"flex_column av_three_fifth  flex_column_div av-zero-column-padding   avia-builder-el-2  el_after_av_one_fifth  el_before_av_one_fifth\" style='border-radius:0px; '><p><div  class='avia-image-container avia_animated_image avia_animate_when_almost_visible fade-in av-styling-circle  noHover  av-overlay-on-hover   avia-builder-el-3  el_before_av_heading  avia-builder-el-first  avia-align-center'  itemprop=\"image\" itemscope=\"itemscope\" itemtype=\"https:\/\/schema.org\/ImageObject\"  ><div class='avia-image-container-inner'><div class='avia-image-overlay-wrap'><div class='av-image-caption-overlay'><div class='av-caption-image-overlay-bg' style='opacity:0.4; background-color:#000000; '><\/div><div class='av-image-caption-overlay-position'><div class='av-image-caption-overlay-center' style='color:#ffffff; '><p>A 360\u00b0 AGENCY<\/p>\n<\/div><\/div><\/div><img decoding=\"async\" class='wp-image-0 avia-img-lazy-loading-not-0 avia_image' src=\"https:\/\/refkapayssan.com\/wp-content\/uploads\/2021\/06\/logo-admin-tb.png\" alt='' title=''   itemprop=\"thumbnailUrl\"  \/><\/div><\/div><\/div><br \/>\n<div  style='padding-bottom:10px; ' class='av-special-heading av-special-heading-h2  blockquote modern-quote modern-centered  avia-builder-el-4  el_after_av_image  el_before_av_hr'><h2 class='av-special-heading-tag'  itemprop=\"headline\"  >Refka Payssan IA <span class='special_amp'>&amp;<\/span> INFLUENCE <\/h2><div class ='av-subheading av-subheading_below' style='font-size:15px;'><p>PhD candidate and researcher in Information and Communication Sciences<\/p>\n<\/div><div class='special-heading-border'><div class='special-heading-inner-border' ><\/div><\/div><\/div><br \/>\n<div   class='hr hr-short hr-center   avia-builder-el-5  el_after_av_heading  el_before_av_textblock'><span class='hr-inner' ><span class='hr-inner-style'><\/span><\/span><\/div><br \/>\n<section class=\"av_textblock_section\"  itemscope=\"itemscope\" itemtype=\"https:\/\/schema.org\/CreativeWork\" ><div class='avia_textblock'   itemprop=\"text\" ><blockquote>\n<h2>Visionary expertise in Technomedia and Influence .<\/h2>\n<\/blockquote>\n<p>Refka Payssan, PhD candidate and researcher in Information and Communication Sciences and expert consultant in Techno Media, brings an innovative perspective to the influence of digital technologies on today's media landscape. A lecturer, she has taught at the University of Paris Saclay and the Leonard De Vinci university campus, and has worked as a journalist and editor with prestigious institutions such as France T\u00e9l\u00e9visions, Radio France, France M\u00e9dias Monde and the Institut national de l'audiovisuel (INA).<\/p>\n<h4><strong>Expertise and areas of research<\/strong><\/h4>\n<ul>\n<li>A critical analysis of the use of generative artificial intelligence in the media<\/li>\n<li>Exploring the ethical and deontological issues associated with new technologies<\/li>\n<li>Study of the impact of digital media on public opinion<\/li>\n<\/ul>\n<h4><strong>Contributions and achievements<\/strong><\/h4>\n<ul>\n<li>Fondatrice de l&rsquo;agence RP communication &amp; influence, promouvant une approche \u00e9co-responsable<\/li>\n<li>\u00a0Author of numerous reports for renowned media such as France 3, Euronews and France 24<\/li>\n<li>Regular speaker on the use of generative artificial intelligence, digital communication and influential content.<\/li>\n<\/ul>\n<p><em>Refka Payssan stands out for its avant-garde vision of techno-media, offering unique perspectives on the future of communication in the digital age. Her multidisciplinary expertise makes her a key reference in the field of media innovation and information strategy.<\/em><\/p>\n<\/div><\/section><\/p><\/div><div class=\"flex_column av_one_fifth  flex_column_div av-zero-column-padding   avia-builder-el-7  el_after_av_three_fifth  avia-builder-el-last\" style='border-radius:0px; '><\/div><\/div><\/div><\/main><!-- close content main element --><\/div><\/div><div id='av_section_2'  class='avia-section main_color avia-section-default avia-no-border-styling  avia-bg-style-scroll  avia-builder-el-8  el_after_av_section  el_before_av_section   av-minimum-height av-minimum-height-50  container_wrap sidebar_right' style=' '   data-av_minimum_height_pc='50'><div class='container' ><div class='template-page content  av-content-small alpha units'><div class='post-entry post-entry-type-page post-entry-159'><div class='entry-content-wrapper clearfix'>\n<div  style='padding-bottom:10px; ' class='av-special-heading av-special-heading-h1  blockquote elegant-quote elegant-centered  avia-builder-el-9  el_before_av_hr  avia-builder-el-first'><h1 class='av-special-heading-tag'  itemprop=\"headline\"  ><span class=\"heading-wrap\">THEY TRUSTED ME <\/span><\/h1><div class='special-heading-border'><div class='special-heading-inner-border' ><\/div><\/div><\/div>\n<div  style='height:60px' class='hr hr-invisible   avia-builder-el-10  el_after_av_heading  el_before_av_textblock'><span class='hr-inner' ><span class='hr-inner-style'><\/span><\/span><\/div>\n<section class=\"av_textblock_section\"  itemscope=\"itemscope\" itemtype=\"https:\/\/schema.org\/CreativeWork\" ><div class='avia_textblock  av_inherit_color'  style='font-size:15px; color:#ffffff; '  itemprop=\"text\" ><p style=\"text-align: center;\"><strong>This carousel is empty, please add some logos.<\/strong><\/p>\n<\/div><\/section>\n<\/p>\n<\/div><\/div><\/div><!-- close content main div --><\/div><\/div><div id='newsletter'  class='avia-section main_color avia-section-default avia-no-border-styling  av-section-color-overlay-active avia-bg-style-parallax  avia-builder-el-12  el_after_av_section  el_before_av_section   container_wrap sidebar_right' style=' '  ><div class='av-section-color-overlay-wrap'><div class='av-section-color-overlay' style='opacity: 0.7; background-color: #000000; background-image: url(https:\/\/refkapayssan.com\/wp-content\/themes\/enfold\/images\/background-images\/grunge-big-light.png); background-repeat: repeat;'><\/div><div class='container' ><div class='template-page content  av-content-small alpha units'><div class='post-entry post-entry-type-page post-entry-159'><div class='entry-content-wrapper clearfix'>\n<div  style='padding-bottom:90px; color:#59fcff;' class='av-special-heading av-special-heading-h1 custom-color-heading blockquote elegant-quote elegant-centered  avia-builder-el-13  el_before_av_textblock  avia-builder-el-first'><h1 class='av-special-heading-tag'  itemprop=\"headline\"  ><span class=\"heading-wrap\">Newsletter<\/span><\/h1><div class='special-heading-border'><div class='special-heading-inner-border' style='border-color:#59fcff'><\/div><\/div><\/div>\n<section class=\"av_textblock_section\"  itemscope=\"itemscope\" itemtype=\"https:\/\/schema.org\/CreativeWork\" ><div class='avia_textblock  av_inherit_color'  style='font-size:15px; color:#ffffff; '  itemprop=\"text\" ><p style=\"text-align: center;\"><strong>Subscribe to my newsletter to keep up to date with my latest news and events!<\/strong><\/p>\n<\/div><\/section>\n<div class='flex_column_table av-equal-height-column-flextable -flextable' ><div class=\"flex_column av_one_fifth  flex_column_table_cell av-equal-height-column av-align-top av-zero-column-padding first  avia-builder-el-15  el_after_av_textblock  el_before_av_three_fifth  column-top-margin\" style='border-radius:0px; '><\/div><div class='av-flex-placeholder'><\/div><div class=\"flex_column av_three_fifth  flex_column_table_cell av-equal-height-column av-align-top av-zero-column-padding   avia-builder-el-16  el_after_av_one_fifth  el_before_av_one_fifth  column-top-margin\" style='border-radius:0px; '><form action=\"https:\/\/refkapayssan.com\/en\/a-propos\/\" method=\"post\"  class=\"avia_ajax_form av-form-labels-hidden   avia-builder-el-17  avia-builder-el-no-sibling  av-centered-form  av-custom-form-color av-light-form\" data-avia-form-id=\"1\" data-avia-redirect='' data-trp-original-action=\"https:\/\/refkapayssan.com\/en\/a-propos\/\" ><fieldset><p class='first_form  form_element form_element_third' id='element_avia_1_1'><label for=\"avia_1_1\"> Full name <abbr class=\"required\" title=\"required\">*<\/abbr><\/label> <input name=\"avia_1_1\" class=\"text_input is_empty\" type=\"text\" id=\"avia_1_1\" value=\"\"  placeholder=' Full name*'\/><\/p><p class='form_element form_element_third av-last-visible-form-element' id='element_avia_2_1'><label for=\"avia_2_1\">E-Mail <abbr class=\"required\" title=\"required\">*<\/abbr><\/label> <input name=\"avia_2_1\" class=\"text_input is_email\" type=\"text\" id=\"avia_2_1\" value=\"\"  placeholder='E-Mail*'\/><\/p><p class=\"hidden\"><input type=\"text\" name=\"avia_3_1\" class=\"hidden\" id=\"avia_3_1\" value=\"\" \/><\/p><p class=\"form_element form_element_third modified_width\"><input type=\"hidden\" value=\"1\" name=\"avia_generated_form1\" \/><input type=\"submit\" value=\"Validate\" class=\"button\"  data-sending-label=\"Sending\"\/><\/p><\/fieldset><input type=\"hidden\" name=\"trp-form-language\" value=\"en\"\/><\/form><div id=\"ajaxresponse_1\" class=\"ajaxresponse ajaxresponse_1 hidden\"><\/div><\/div><div class='av-flex-placeholder'><\/div><div class=\"flex_column av_one_fifth  flex_column_table_cell av-equal-height-column av-align-top av-zero-column-padding   avia-builder-el-18  el_after_av_three_fifth  avia-builder-el-last  column-top-margin\" style='border-radius:0px; '><\/div><\/div><!--close column table wrapper. Autoclose: 1 -->\n\n<\/div><\/div><\/div><!-- close content main div --><\/div><\/div><\/div><div id='newsletter'  class='avia-section main_color avia-section-default avia-no-border-styling  av-section-color-overlay-active avia-bg-style-parallax  avia-builder-el-19  el_after_av_section  avia-builder-el-last   av-minimum-height av-minimum-height-custom  container_wrap sidebar_right' style='background-color: #0f0f0f;  '  ><div class='av-section-color-overlay-wrap'><div class='av-section-color-overlay' style='opacity: 0.8; background-color: #000000; '><\/div><div class='container' style='height:200px'><div class='template-page content  av-content-small alpha units'><div class='post-entry post-entry-type-page post-entry-159'><div class='entry-content-wrapper clearfix'>\n<div class='flex_column_table av-equal-height-column-flextable -flextable' ><div class=\"flex_column av_two_fifth  flex_column_table_cell av-equal-height-column av-align-top av-zero-column-padding first  avia-builder-el-20  el_before_av_one_fourth  avia-builder-el-first\" style='border-radius:0px; '><div  class='avia-image-container  av-styling-    avia-builder-el-21  avia-builder-el-no-sibling  avia-align-center'  itemprop=\"image\" itemscope=\"itemscope\" itemtype=\"https:\/\/schema.org\/ImageObject\"  ><div class='avia-image-container-inner'><div class='avia-image-overlay-wrap'><a href=\"https:\/\/refkapayssan.com\/en\/\" class='avia_image' ><img decoding=\"async\" class='wp-image-0 avia-img-lazy-loading-not-0 avia_image' src=\"https:\/\/refkapayssan.com\/wp-content\/uploads\/2021\/06\/LOGO-RP-7B.png\" alt='' title=''  itemprop=\"thumbnailUrl\"  \/><\/a><\/div><\/div><\/div><\/div><div class='av-flex-placeholder'><\/div><div class=\"flex_column av_one_fourth  flex_column_table_cell av-equal-height-column av-align-top av-zero-column-padding   avia-builder-el-22  el_after_av_two_fifth  el_before_av_one_third\" style='border-radius:0px; '><p><div  style='height:55px' class='hr hr-invisible   avia-builder-el-23  el_before_av_textblock  avia-builder-el-first'><span class='hr-inner' ><span class='hr-inner-style'><\/span><\/span><\/div><br \/>\n<section class=\"av_textblock_section\"  itemscope=\"itemscope\" itemtype=\"https:\/\/schema.org\/CreativeWork\" ><div class='avia_textblock  av_inherit_color'  style='font-size:15px; color:#ffffff; '  itemprop=\"text\" ><p style=\"text-align: left;\"><span  class=\"av_font_icon avia_animate_when_visible avia-icon-animate  av-icon-style-  av-no-color avia-icon-pos-left\" style=\"\"><span class='av-icon-char' style='font-size:30px;line-height:30px;' aria-hidden='true' data-av_icon='\ue805' data-av_iconfont='entypo-fontello' ><\/span><\/span><\/p>\n<p style=\"text-align: left;\">: <a href=\"mailto:com360@refkapayssan.com\">Send me an email<\/a><\/p>\n<p style=\"text-align: center;\"><strong>\u00a0<\/strong><\/p>\n<\/div><\/section><\/p><\/div><div class='av-flex-placeholder'><\/div><div class=\"flex_column av_one_third  flex_column_table_cell av-equal-height-column av-align-top av-zero-column-padding   avia-builder-el-26  el_after_av_one_fourth  avia-builder-el-last\" style='border-radius:0px; '><p><div  style='height:60px' class='hr hr-invisible   avia-builder-el-27  el_before_av_textblock  avia-builder-el-first'><span class='hr-inner' ><span class='hr-inner-style'><\/span><\/span><\/div><br \/>\n<section class=\"av_textblock_section\"  itemscope=\"itemscope\" itemtype=\"https:\/\/schema.org\/CreativeWork\" ><div class='avia_textblock  av_inherit_color'  style='font-size:15px; color:#ffffff; '  itemprop=\"text\" ><h3 class=\"widgettitle\">Follow me\u00a0\u00a0 <strong><a href=\"https:\/\/www.linkedin.com\/in\/refkapayssan\/\" target=\"_blank\" rel=\"noopener\"><img loading=\"lazy\" decoding=\"async\" class=\"alignnone wp-image-311 size-full\" src=\"https:\/\/refkapayssan.com\/wp-content\/uploads\/2021\/06\/@linkdin.png\" alt=\"\" width=\"30\" height=\"30\" \/><\/a> \u00a0\u00a0 <a href=\"https:\/\/1001epopees.com\" target=\"_blank\" rel=\"noopener\"><img loading=\"lazy\" decoding=\"async\" class=\"alignnone wp-image-310 size-full\" src=\"https:\/\/refkapayssan.com\/wp-content\/uploads\/2021\/06\/@blog-1001epopees.png\" alt=\"\" width=\"30\" height=\"30\" \/><\/a><br \/>\n<\/strong><\/h3>\n<\/div><\/section><\/p><\/div><\/div><!--close column table wrapper. Autoclose: 1 -->\n<\/div><\/div><\/div><!-- close content main div --><\/div><\/div><\/div><div id='after_section_4'  class='main_color av_default_container_wrap container_wrap sidebar_right' style=' '  ><div class='container' ><div class='template-page content  av-content-small alpha units'><div class='post-entry post-entry-type-page post-entry-159'><div class='entry-content-wrapper clearfix'>","protected":false},"excerpt":{"rendered":"","protected":false},"author":1,"featured_media":0,"parent":0,"menu_order":1,"comment_status":"closed","ping_status":"closed","template":"","meta":{"footnotes":""},"class_list":["post-159","page","type-page","status-publish","hentry"],"yoast_head":"<!-- This site is optimized with the Yoast SEO plugin v25.6 - https:\/\/yoast.com\/wordpress\/plugins\/seo\/ -->\n<title>\u00c0 propos | Refka Payssan<\/title>\n<meta name=\"description\" content=\"Refka Payssan, doctorante chercheuse et consultante experte en Techno m\u00e9dias, apporte une perspective novatrice sur l&#039;influence des technologies num\u00e9riques dans le paysage m\u00e9diatique actuel.\" \/>\n<meta name=\"robots\" content=\"index, follow, max-snippet:-1, max-image-preview:large, max-video-preview:-1\" \/>\n<link rel=\"canonical\" href=\"https:\/\/refkapayssan.com\/en\/a-propos\/\" \/>\n<meta property=\"og:locale\" content=\"en_GB\" \/>\n<meta property=\"og:type\" content=\"article\" \/>\n<meta property=\"og:title\" content=\"\u00c0 propos | Refka Payssan\" \/>\n<meta property=\"og:description\" content=\"Refka Payssan, doctorante chercheuse et consultante experte en Techno m\u00e9dias, apporte une perspective novatrice sur l&#039;influence des technologies num\u00e9riques dans le paysage m\u00e9diatique actuel.\" \/>\n<meta property=\"og:url\" content=\"https:\/\/refkapayssan.com\/en\/a-propos\/\" \/>\n<meta property=\"og:site_name\" content=\"Refka Payssan\" \/>\n<meta property=\"article:publisher\" content=\"https:\/\/www.facebook.com\/RefkaPayssan\/\" \/>\n<meta property=\"article:modified_time\" content=\"2025-01-27T14:28:58+00:00\" \/>\n<meta property=\"og:image\" content=\"https:\/\/refkapayssan.com\/wp-content\/uploads\/2021\/06\/logo-admin-b.png\" \/>\n\t<meta property=\"og:image:width\" content=\"320\" \/>\n\t<meta property=\"og:image:height\" content=\"320\" \/>\n\t<meta property=\"og:image:type\" content=\"image\/png\" \/>\n<meta name=\"twitter:card\" content=\"summary_large_image\" \/>\n<meta name=\"twitter:image\" content=\"https:\/\/refkapayssan.com\/wp-content\/uploads\/2021\/06\/logo-admin-w.png\" \/>\n<meta name=\"twitter:label1\" content=\"Estimated reading time\" \/>\n\t<meta name=\"twitter:data1\" content=\"7 minutes\" \/>\n<script type=\"application\/ld+json\" class=\"yoast-schema-graph\">{\"@context\":\"https:\/\/schema.org\",\"@graph\":[{\"@type\":\"WebPage\",\"@id\":\"https:\/\/refkapayssan.com\/a-propos\/\",\"url\":\"https:\/\/refkapayssan.com\/a-propos\/\",\"name\":\"\u00c0 propos | Refka Payssan\",\"isPartOf\":{\"@id\":\"https:\/\/refkapayssan.com\/#website\"},\"primaryImageOfPage\":{\"@id\":\"https:\/\/refkapayssan.com\/a-propos\/#primaryimage\"},\"image\":{\"@id\":\"https:\/\/refkapayssan.com\/a-propos\/#primaryimage\"},\"thumbnailUrl\":\"https:\/\/refkapayssan.com\/wp-content\/uploads\/2021\/06\/@linkdin.png\",\"datePublished\":\"2021-06-07T06:35:35+00:00\",\"dateModified\":\"2025-01-27T14:28:58+00:00\",\"description\":\"Refka Payssan, doctorante chercheuse et consultante experte en Techno m\u00e9dias, apporte une perspective novatrice sur l'influence des technologies num\u00e9riques dans le paysage m\u00e9diatique actuel.\",\"breadcrumb\":{\"@id\":\"https:\/\/refkapayssan.com\/a-propos\/#breadcrumb\"},\"inLanguage\":\"en-GB\",\"potentialAction\":[{\"@type\":\"ReadAction\",\"target\":[\"https:\/\/refkapayssan.com\/a-propos\/\"]}]},{\"@type\":\"ImageObject\",\"inLanguage\":\"en-GB\",\"@id\":\"https:\/\/refkapayssan.com\/a-propos\/#primaryimage\",\"url\":\"https:\/\/refkapayssan.com\/wp-content\/uploads\/2021\/06\/@linkdin.png\",\"contentUrl\":\"https:\/\/refkapayssan.com\/wp-content\/uploads\/2021\/06\/@linkdin.png\"},{\"@type\":\"BreadcrumbList\",\"@id\":\"https:\/\/refkapayssan.com\/a-propos\/#breadcrumb\",\"itemListElement\":[{\"@type\":\"ListItem\",\"position\":1,\"name\":\"Accueil\",\"item\":\"https:\/\/refkapayssan.com\/accueil\/\"},{\"@type\":\"ListItem\",\"position\":2,\"name\":\"\u00c0 propos\"}]},{\"@type\":\"WebSite\",\"@id\":\"https:\/\/refkapayssan.com\/#website\",\"url\":\"https:\/\/refkapayssan.com\/\",\"name\":\"Refka Payssan\",\"description\":\"Doctorante chercheuse en sciences de l&#039;information et de la communication \",\"publisher\":{\"@id\":\"https:\/\/refkapayssan.com\/#organization\"},\"potentialAction\":[{\"@type\":\"SearchAction\",\"target\":{\"@type\":\"EntryPoint\",\"urlTemplate\":\"https:\/\/refkapayssan.com\/?s={search_term_string}\"},\"query-input\":{\"@type\":\"PropertyValueSpecification\",\"valueRequired\":true,\"valueName\":\"search_term_string\"}}],\"inLanguage\":\"en-GB\"},{\"@type\":\"Organization\",\"@id\":\"https:\/\/refkapayssan.com\/#organization\",\"name\":\"Refka Payssan\",\"url\":\"https:\/\/refkapayssan.com\/\",\"logo\":{\"@type\":\"ImageObject\",\"inLanguage\":\"en-GB\",\"@id\":\"https:\/\/refkapayssan.com\/#\/schema\/logo\/image\/\",\"url\":\"https:\/\/refkapayssan.com\/wp-content\/uploads\/2021\/06\/LOGO-RP-7A.png\",\"contentUrl\":\"https:\/\/refkapayssan.com\/wp-content\/uploads\/2021\/06\/LOGO-RP-7A.png\",\"width\":340,\"height\":105,\"caption\":\"Refka Payssan\"},\"image\":{\"@id\":\"https:\/\/refkapayssan.com\/#\/schema\/logo\/image\/\"},\"sameAs\":[\"https:\/\/www.facebook.com\/RefkaPayssan\/\",\"https:\/\/www.linkedin.com\/in\/refkapayssan\/\"]}]}<\/script>\n<!-- \/ Yoast SEO plugin. -->","yoast_head_json":{"title":"\u00c0 propos | Refka Payssan","description":"Refka Payssan, doctorante chercheuse et consultante experte en Techno m\u00e9dias, apporte une perspective novatrice sur l'influence des technologies num\u00e9riques dans le paysage m\u00e9diatique actuel.","robots":{"index":"index","follow":"follow","max-snippet":"max-snippet:-1","max-image-preview":"max-image-preview:large","max-video-preview":"max-video-preview:-1"},"canonical":"https:\/\/refkapayssan.com\/en\/a-propos\/","og_locale":"en_GB","og_type":"article","og_title":"\u00c0 propos | Refka Payssan","og_description":"Refka Payssan, doctorante chercheuse et consultante experte en Techno m\u00e9dias, apporte une perspective novatrice sur l'influence des technologies num\u00e9riques dans le paysage m\u00e9diatique actuel.","og_url":"https:\/\/refkapayssan.com\/en\/a-propos\/","og_site_name":"Refka Payssan","article_publisher":"https:\/\/www.facebook.com\/RefkaPayssan\/","article_modified_time":"2025-01-27T14:28:58+00:00","og_image":[{"width":320,"height":320,"url":"https:\/\/refkapayssan.com\/wp-content\/uploads\/2021\/06\/logo-admin-b.png","type":"image\/png"}],"twitter_card":"summary_large_image","twitter_image":"https:\/\/refkapayssan.com\/wp-content\/uploads\/2021\/06\/logo-admin-w.png","twitter_misc":{"Estimated reading time":"7 minutes"},"schema":{"@context":"https:\/\/schema.org","@graph":[{"@type":"WebPage","@id":"https:\/\/refkapayssan.com\/a-propos\/","url":"https:\/\/refkapayssan.com\/a-propos\/","name":"\u00c0 propos | Refka Payssan","isPartOf":{"@id":"https:\/\/refkapayssan.com\/#website"},"primaryImageOfPage":{"@id":"https:\/\/refkapayssan.com\/a-propos\/#primaryimage"},"image":{"@id":"https:\/\/refkapayssan.com\/a-propos\/#primaryimage"},"thumbnailUrl":"https:\/\/refkapayssan.com\/wp-content\/uploads\/2021\/06\/@linkdin.png","datePublished":"2021-06-07T06:35:35+00:00","dateModified":"2025-01-27T14:28:58+00:00","description":"Refka Payssan, doctorante chercheuse et consultante experte en Techno m\u00e9dias, apporte une perspective novatrice sur l'influence des technologies num\u00e9riques dans le paysage m\u00e9diatique actuel.","breadcrumb":{"@id":"https:\/\/refkapayssan.com\/a-propos\/#breadcrumb"},"inLanguage":"en-GB","potentialAction":[{"@type":"ReadAction","target":["https:\/\/refkapayssan.com\/a-propos\/"]}]},{"@type":"ImageObject","inLanguage":"en-GB","@id":"https:\/\/refkapayssan.com\/a-propos\/#primaryimage","url":"https:\/\/refkapayssan.com\/wp-content\/uploads\/2021\/06\/@linkdin.png","contentUrl":"https:\/\/refkapayssan.com\/wp-content\/uploads\/2021\/06\/@linkdin.png"},{"@type":"BreadcrumbList","@id":"https:\/\/refkapayssan.com\/a-propos\/#breadcrumb","itemListElement":[{"@type":"ListItem","position":1,"name":"Accueil","item":"https:\/\/refkapayssan.com\/accueil\/"},{"@type":"ListItem","position":2,"name":"\u00c0 propos"}]},{"@type":"WebSite","@id":"https:\/\/refkapayssan.com\/#website","url":"https:\/\/refkapayssan.com\/","name":"Refka Payssan","description":"Doctorante chercheuse en sciences de l&#039;information et de la communication","publisher":{"@id":"https:\/\/refkapayssan.com\/#organization"},"potentialAction":[{"@type":"SearchAction","target":{"@type":"EntryPoint","urlTemplate":"https:\/\/refkapayssan.com\/?s={search_term_string}"},"query-input":{"@type":"PropertyValueSpecification","valueRequired":true,"valueName":"search_term_string"}}],"inLanguage":"en-GB"},{"@type":"Organization","@id":"https:\/\/refkapayssan.com\/#organization","name":"Refka Payssan","url":"https:\/\/refkapayssan.com\/","logo":{"@type":"ImageObject","inLanguage":"en-GB","@id":"https:\/\/refkapayssan.com\/#\/schema\/logo\/image\/","url":"https:\/\/refkapayssan.com\/wp-content\/uploads\/2021\/06\/LOGO-RP-7A.png","contentUrl":"https:\/\/refkapayssan.com\/wp-content\/uploads\/2021\/06\/LOGO-RP-7A.png","width":340,"height":105,"caption":"Refka Payssan"},"image":{"@id":"https:\/\/refkapayssan.com\/#\/schema\/logo\/image\/"},"sameAs":["https:\/\/www.facebook.com\/RefkaPayssan\/","https:\/\/www.linkedin.com\/in\/refkapayssan\/"]}]}},"_links":{"self":[{"href":"https:\/\/refkapayssan.com\/en\/wp-json\/wp\/v2\/pages\/159","targetHints":{"allow":["GET"]}}],"collection":[{"href":"https:\/\/refkapayssan.com\/en\/wp-json\/wp\/v2\/pages"}],"about":[{"href":"https:\/\/refkapayssan.com\/en\/wp-json\/wp\/v2\/types\/page"}],"author":[{"embeddable":true,"href":"https:\/\/refkapayssan.com\/en\/wp-json\/wp\/v2\/users\/1"}],"replies":[{"embeddable":true,"href":"https:\/\/refkapayssan.com\/en\/wp-json\/wp\/v2\/comments?post=159"}],"version-history":[{"count":0,"href":"https:\/\/refkapayssan.com\/en\/wp-json\/wp\/v2\/pages\/159\/revisions"}],"wp:attachment":[{"href":"https:\/\/refkapayssan.com\/en\/wp-json\/wp\/v2\/media?parent=159"}],"curies":[{"name":"wp","href":"https:\/\/api.w.org\/{rel}","templated":true}]}}